{"id":271,"date":"2023-03-05T22:11:58","date_gmt":"2023-03-05T22:11:58","guid":{"rendered":"http:\/\/www.winetruck.cz\/?page_id=271"},"modified":"2024-01-02T19:56:54","modified_gmt":"2024-01-02T19:56:54","slug":"landing-2","status":"publish","type":"page","link":"https:\/\/www.winetruck.cz\/","title":{"rendered":"Landing"},"content":{"rendered":"<p>[et_pb_section fb_built=&#8221;1&#8243; fullwidth=&#8221;on&#8221; module_class=&#8221;slide-in-out&#8221; _builder_version=&#8221;4.5.3&#8243;][et_pb_fullwidth_image src=&#8221;http:\/\/www.winetruck.cz\/wp-content\/uploads\/2023\/03\/Nikola_Ondra_25_09_21_1354.jpg&#8221; title_text=&#8221;Nikola_Ondra_25_09_21_1354&#8243; _builder_version=&#8221;4.5.3&#8243;][\/et_pb_fullwidth_image][\/et_pb_section][et_pb_section fb_built=&#8221;1&#8243; module_id=&#8221;about-us&#8221; _builder_version=&#8221;4.5.3&#8243; _module_preset=&#8221;default&#8221; custom_padding=&#8221;||30px||false|false&#8221;][et_pb_row _builder_version=&#8221;4.5.3&#8243; _module_preset=&#8221;default&#8221;][et_pb_column type=&#8221;4_4&#8243; _builder_version=&#8221;4.5.3&#8243; _module_preset=&#8221;default&#8221;][et_pb_text _builder_version=&#8221;4.5.3&#8243; _module_preset=&#8221;default&#8221; text_font=&#8221;Poppins||||||||&#8221;]<\/p>\n<h2 style=\"text-align: center;\">Dva nom\u00e1di projeli sv\u011bt. Te\u010f objevuj\u00ed \u010cesko.<br \/> Se skleni\u010dkou v ruce, ve tvoj\u00ed spole\u010dnosti.<\/h2>\n<p>[\/et_pb_text][et_pb_text _builder_version=&#8221;4.5.3&#8243; _module_preset=&#8221;default&#8221; text_font=&#8221;Poppins||||||||&#8221; text_font_size=&#8221;16px&#8221;]<\/p>\n<h1><b>O Lavin\u011b<\/b><\/h1>\n<p><span style=\"font-weight: 500;\"><\/span><\/p>\n<p><span style=\"font-weight: 500;\">Lavina se p\u0159i\u0159\u00edtila z dobrodru\u017en\u00fdch cest po cel\u00e9m sv\u011bt\u011b. P\u0159ivezla s sebou radost, z\u00e1bavu, dobr\u00fd v\u00edno a Mercedes \u2013 Benz Kurzhauber LAF 1113 B z roku 1974, kter\u00fd v\u00a0Berl\u00edn\u011b slou\u017eil jako doprovodn\u00e9 hasi\u010dsk\u00e9 vozidlo a nyn\u00ed dozr\u00e1l akor\u00e1t na to, uhasit i tu nejpal\u010div\u011bj\u0161\u00ed \u017e\u00edze\u0148.\u00a0<\/span><\/p>\n<p><span style=\"font-weight: 500;\">Vize byla jasn\u00e1. Vlastnoru\u010dn\u011b p\u0159estav\u011bt tenhle oldtimer na poj\u00edzdnou vin\u00e1rnu s\u00a0duchem malagsk\u00e9 nal\u00e9v\u00e1rny, kde se to\u010d\u00ed rovnou ze star\u00fdch dubov\u00fdch sud\u016f, \u00fatrata p\u00ed\u0161e k\u0159\u00eddou na bar a obecn\u011b panuje uvoln\u011bn\u00e1 n\u00e1lada. S Lavinou chceme vytvo\u0159it jedine\u010dn\u00fd prostor v\u0161ude, kam se tahle 4&#215;4 kr\u00e1ska dostane, a kde se nad skleni\u010dkou kvalitn\u00edho v\u00edna mohou potkat lidi s r\u016fzn\u00fdmi zku\u0161enostmi a z\u00e1\u017eitky, co\u017e v\u00a0d\u016fsledku m\u016f\u017ee k\u00a0netu\u0161en\u00fdm debat\u00e1m nejen o vesm\u00edru.\u00a0<\/span><\/p>\n<p><span style=\"font-weight: 500;\">Na\u0161\u00ed my\u0161lenkou je nab\u00eddnout kvalitn\u00ed v\u00edno i na m\u00e9n\u011b tradi\u010dn\u00edch m\u00edstech a vytvo\u0159it tak p\u0159\u00edjemn\u00fd prostor pro vychutn\u00e1n\u00ed si skv\u011bl\u00fdch moravsk\u00fdch i zahrani\u010dn\u00edch v\u00edn a to v\u010detn\u011b organick\u00fdch, pro kter\u00e9 m\u00e1me slabost. Vermut z\u00a0Malagy se stal na\u0161\u00ed obl\u00edbenou st\u00e1lic\u00ed, kter\u00e1 n\u00e1m p\u0159ipom\u00edn\u00e1, jak to vlastn\u011b v\u0161echno za\u010dalo.\u00a0<\/span><\/p>\n<p><strong>Jak to funguje?<\/strong><\/p>\n<p><span style=\"font-weight: 500;\">Lavina se dostane i tam, kam to na prvn\u00ed pohled nen\u00ed mo\u017en\u00fd. Sta\u010d\u00ed za\u0159adit dvojku a zapnout 4\u00d74. \u010casto n\u00e1s budete potk\u00e1vat na kulturn\u00edch akc\u00edch, festivalech, svatb\u00e1ch, oslav\u00e1ch, ve\u010d\u00edrc\u00edch anebo ji budete m\u00edjet 60 km\/h rychlost\u00ed n\u011bkde po cest\u011b.<\/span><\/p>\n<p><span style=\"font-weight: 500;\">Dorazit m\u016f\u017ee i k v\u00e1m na zahradu. Mus\u00edte ale po\u010d\u00edtat s t\u00edm, \u017ee to m\u016f\u017ee dopadnout n\u011bkolikadenn\u00edm kempinkem, kter\u00fd nebudete cht\u00edt, aby skon\u010dil.<\/span><\/p>\n<p><span style=\"font-weight: 500;\">Proto\u017ee Lavina \u017eije \u017eivot na cest\u011b, nejl\u00e9pe n\u00e1s do\u017eenete mailem nebo telefonem.<\/span><\/p>\n<p>[\/et_pb_text][\/et_pb_column][\/et_pb_row][\/et_pb_section][et_pb_section fb_built=&#8221;1&#8243; module_id=&#8221;we-do&#8221; _builder_version=&#8221;4.5.3&#8243; _module_preset=&#8221;default&#8221; module_alignment=&#8221;center&#8221; custom_margin=&#8221;||||false|false&#8221; custom_padding=&#8221;0px||||false|false&#8221; custom_css_main_element=&#8221;width: 100%!important;&#8221;][et_pb_row column_structure=&#8221;1_4,1_4,1_4,1_4&#8243; use_custom_gutter=&#8221;on&#8221; gutter_width=&#8221;2&#8243; make_equal=&#8221;on&#8221; disabled_on=&#8221;on|on|off&#8221; _builder_version=&#8221;4.5.3&#8243; _module_preset=&#8221;default&#8221; max_width=&#8221;1300px&#8221; module_alignment=&#8221;center&#8221; gutter_width__hover_enabled=&#8221;off|desktop&#8221;][et_pb_column type=&#8221;1_4&#8243; _builder_version=&#8221;4.5.3&#8243; _module_preset=&#8221;default&#8221; custom_css_main_element=&#8221;width: 25%!important;&#8221;][et_pb_cta title=&#8221;Food truck festivaly&#8221; button_url=&#8221;http:\/\/www.winetruck.cz\/index.php\/project\/party\/&#8221; button_text=&#8221;V\u00edce informac\u00ed&#8221; _builder_version=&#8221;4.5.3&#8243; _module_preset=&#8221;default&#8221; header_level=&#8221;h1&#8243; header_font=&#8221;Poppins||||||||&#8221; header_font_size=&#8221;30px&#8221; background_color=&#8221;rgba(0,0,0,0.28)&#8221; background_image=&#8221;http:\/\/www.winetruck.cz\/wp-content\/uploads\/2023\/03\/20210731_201631-1.jpg&#8221; background_blend=&#8221;overlay&#8221; custom_button=&#8221;on&#8221; button_text_size=&#8221;14px&#8221; button_bg_color=&#8221;rgba(0,0,0,0.48)&#8221; button_custom_margin=&#8221;50px||||false|false&#8221; width=&#8221;100%&#8221; max_width=&#8221;100%&#8221; custom_margin=&#8221;||||false|false&#8221; custom_padding=&#8221;||||false|false&#8221; custom_css_main_element=&#8221;background-size: 100%;||transition: all 0.5s ease;&#8221; custom_css_main_element__hover_enabled=&#8221;on|hover&#8221; custom_css_main_element__hover=&#8221;background-size: 130%;&#8221;][\/et_pb_cta][\/et_pb_column][et_pb_column type=&#8221;1_4&#8243; _builder_version=&#8221;4.5.3&#8243; _module_preset=&#8221;default&#8221; custom_css_main_element=&#8221;width: 25%!important;&#8221;][et_pb_cta title=&#8221;Svatby&#8221; button_url=&#8221;http:\/\/www.winetruck.cz\/index.php\/project\/svatby\/&#8221; button_text=&#8221;V\u00edce informac\u00ed&#8221; _builder_version=&#8221;4.5.3&#8243; _module_preset=&#8221;default&#8221; header_level=&#8221;h1&#8243; header_font=&#8221;Poppins||||||||&#8221; header_font_size=&#8221;30px&#8221; background_color=&#8221;rgba(255,255,255,0.06)&#8221; background_image=&#8221;http:\/\/www.winetruck.cz\/wp-content\/uploads\/2023\/03\/Nikola_Ondra_25_09_21_1354-1.jpg&#8221; background_blend=&#8221;overlay&#8221; custom_button=&#8221;on&#8221; button_text_size=&#8221;14px&#8221; button_bg_color=&#8221;rgba(0,0,0,0.48)&#8221; button_custom_margin=&#8221;80px||||false|false&#8221; width=&#8221;100%&#8221; max_width=&#8221;100%&#8221; custom_margin=&#8221;||||false|false&#8221; custom_padding=&#8221;||||false|false&#8221; custom_css_main_element=&#8221;background-size: 100%;||transition: all 0.5s ease;&#8221; custom_css_main_element__hover_enabled=&#8221;on|hover&#8221; custom_css_main_element__hover=&#8221;background-size: 130%;&#8221;][\/et_pb_cta][\/et_pb_column][et_pb_column type=&#8221;1_4&#8243; _builder_version=&#8221;4.5.3&#8243; _module_preset=&#8221;default&#8221; custom_css_main_element=&#8221;width: 25%!important;&#8221;][et_pb_cta title=&#8221;Firemn\u00ed akce&#8221; button_url=&#8221;http:\/\/www.winetruck.cz\/index.php\/project\/firemni-akce\/&#8221; button_text=&#8221;V\u00edce informac\u00ed&#8221; _builder_version=&#8221;4.5.3&#8243; _module_preset=&#8221;default&#8221; header_level=&#8221;h1&#8243; header_font=&#8221;Poppins||||||||&#8221; header_font_size=&#8221;30px&#8221; background_color=&#8221;rgba(0,0,0,0.3)&#8221; background_image=&#8221;http:\/\/www.winetruck.cz\/wp-content\/uploads\/2023\/03\/20210619_175231-1.jpg&#8221; background_blend=&#8221;overlay&#8221; custom_button=&#8221;on&#8221; button_text_size=&#8221;14px&#8221; button_bg_color=&#8221;rgba(0,0,0,0.48)&#8221; button_custom_margin=&#8221;50px||||false|false&#8221; button_custom_padding=&#8221;||||false|false&#8221; width=&#8221;100%&#8221; max_width=&#8221;100%&#8221; custom_margin=&#8221;||||false|false&#8221; custom_padding=&#8221;||||false|false&#8221; custom_css_main_element=&#8221;background-size: 100%;||transition: all 0.5s ease;&#8221; custom_css_main_element__hover_enabled=&#8221;on|hover&#8221; custom_css_main_element__hover=&#8221;background-size: 130%;&#8221;][\/et_pb_cta][\/et_pb_column][et_pb_column type=&#8221;1_4&#8243; _builder_version=&#8221;4.5.3&#8243; _module_preset=&#8221;default&#8221; custom_css_main_element=&#8221;width: 25%!important;&#8221;][et_pb_cta title=&#8221;Oslavy&#8221; button_url=&#8221;http:\/\/www.winetruck.cz\/index.php\/project\/oslavy\/&#8221; button_text=&#8221;V\u00edce informac\u00ed&#8221; _builder_version=&#8221;4.5.3&#8243; _module_preset=&#8221;default&#8221; header_level=&#8221;h1&#8243; header_font=&#8221;Poppins||||||||&#8221; header_font_size=&#8221;30px&#8221; background_color=&#8221;rgba(0,0,0,0.3)&#8221; background_image=&#8221;http:\/\/www.winetruck.cz\/wp-content\/uploads\/2023\/03\/IMG_0031-1.jpg&#8221; background_blend=&#8221;overlay&#8221; custom_button=&#8221;on&#8221; button_text_size=&#8221;14px&#8221; button_bg_color=&#8221;rgba(0,0,0,0.48)&#8221; button_custom_margin=&#8221;80px||||false|false&#8221; width=&#8221;100%&#8221; max_width=&#8221;100%&#8221; custom_margin=&#8221;||||false|false&#8221; custom_padding=&#8221;||||false|false&#8221; custom_css_main_element=&#8221;background-size: 100%;||transition: all 0.5s ease;&#8221; custom_css_main_element__hover_enabled=&#8221;on|hover&#8221; custom_css_main_element__hover=&#8221;background-size: 130%;&#8221;][\/et_pb_cta][\/et_pb_column][\/et_pb_row][et_pb_row disabled_on=&#8221;off|off|on&#8221; _builder_version=&#8221;4.5.3&#8243; _module_preset=&#8221;default&#8221;][et_pb_column type=&#8221;4_4&#8243; _builder_version=&#8221;4.5.3&#8243; _module_preset=&#8221;default&#8221;][et_pb_cta title=&#8221;Food truck festivaly&#8221; button_url=&#8221;http:\/\/www.winetruck.cz\/index.php\/project\/party\/&#8221; button_text=&#8221;V\u00edce informac\u00ed&#8221; _builder_version=&#8221;4.5.3&#8243; _module_preset=&#8221;default&#8221; header_level=&#8221;h1&#8243; header_font=&#8221;Poppins||||||||&#8221; header_font_size=&#8221;30px&#8221; background_color=&#8221;rgba(0,0,0,0.36)&#8221; background_image=&#8221;http:\/\/www.winetruck.cz\/wp-content\/uploads\/2023\/03\/20210731_201631.jpg&#8221; background_blend=&#8221;overlay&#8221; custom_button=&#8221;on&#8221; button_text_size=&#8221;14px&#8221; button_bg_color=&#8221;rgba(0,0,0,0.48)&#8221; width=&#8221;100%&#8221; max_width=&#8221;100%&#8221; min_height=&#8221;100px&#8221; height=&#8221;300px&#8221; custom_margin=&#8221;0px||||false|false&#8221; custom_padding=&#8221;50px||||false|false&#8221; custom_css_main_element=&#8221;background-size: 180%;||transition: all 0.5s ease;\t&#8221; custom_css_main_element__hover_enabled=&#8221;on|desktop&#8221; custom_css_main_element__hover=&#8221;background-size: 230%;&#8221;]<\/p>\n<p>&nbsp;<\/p>\n<p>&nbsp;<\/p>\n<p>[\/et_pb_cta][\/et_pb_column][\/et_pb_row][et_pb_row disabled_on=&#8221;off|off|on&#8221; _builder_version=&#8221;4.5.3&#8243; _module_preset=&#8221;default&#8221;][et_pb_column type=&#8221;4_4&#8243; _builder_version=&#8221;4.5.3&#8243; _module_preset=&#8221;default&#8221;][et_pb_cta title=&#8221;Svatby&#8221; button_url=&#8221;http:\/\/www.winetruck.cz\/index.php\/project\/svatby\/&#8221; button_text=&#8221;V\u00edce informac\u00ed&#8221; _builder_version=&#8221;4.5.3&#8243; _module_preset=&#8221;default&#8221; header_level=&#8221;h1&#8243; header_font=&#8221;Poppins||||||||&#8221; header_font_size=&#8221;30px&#8221; background_color=&#8221;rgba(255,255,255,0.06)&#8221; background_image=&#8221;http:\/\/www.winetruck.cz\/wp-content\/uploads\/2023\/03\/Nikola_Ondra_25_09_21_1352.jpg&#8221; background_blend=&#8221;overlay&#8221; custom_button=&#8221;on&#8221; button_text_size=&#8221;14px&#8221; button_bg_color=&#8221;rgba(0,0,0,0.48)&#8221; width=&#8221;100%&#8221; max_width=&#8221;100%&#8221; min_height=&#8221;100px&#8221; height=&#8221;300px&#8221; custom_margin=&#8221;0px||||false|false&#8221; custom_padding=&#8221;50px||||false|false&#8221; custom_css_main_element=&#8221;background-size: 150%;||transition: all 0.5s ease;&#8221; custom_css_main_element__hover_enabled=&#8221;on|hover&#8221; custom_css_main_element__hover=&#8221;background-size: 200%;&#8221;]<\/p>\n<p>&nbsp;<\/p>\n<p>&nbsp;<\/p>\n<p>&nbsp;<\/p>\n<p>[\/et_pb_cta][\/et_pb_column][\/et_pb_row][et_pb_row disabled_on=&#8221;off|off|on&#8221; _builder_version=&#8221;4.5.3&#8243; _module_preset=&#8221;default&#8221;][et_pb_column type=&#8221;4_4&#8243; _builder_version=&#8221;4.5.3&#8243; _module_preset=&#8221;default&#8221;][et_pb_cta title=&#8221;Firemn\u00ed akce&#8221; button_url=&#8221;http:\/\/www.winetruck.cz\/index.php\/project\/firemni-akce\/&#8221; button_text=&#8221;V\u00edce informac\u00ed&#8221; _builder_version=&#8221;4.5.3&#8243; _module_preset=&#8221;default&#8221; header_level=&#8221;h1&#8243; header_font=&#8221;Poppins||||||||&#8221; header_font_size=&#8221;30px&#8221; background_color=&#8221;rgba(0,0,0,0.36)&#8221; background_image=&#8221;http:\/\/www.winetruck.cz\/wp-content\/uploads\/2023\/03\/20210619_175231.jpg&#8221; background_blend=&#8221;overlay&#8221; custom_button=&#8221;on&#8221; button_text_size=&#8221;14px&#8221; button_bg_color=&#8221;rgba(0,0,0,0.48)&#8221; width=&#8221;100%&#8221; max_width=&#8221;100%&#8221; min_height=&#8221;100px&#8221; height=&#8221;300px&#8221; custom_margin=&#8221;0px||||false|false&#8221; custom_padding=&#8221;50px||||false|false&#8221; custom_css_main_element=&#8221;background-size: 140%;||transition: all 0.5s ease;&#8221; custom_css_main_element__hover_enabled=&#8221;on|hover&#8221; custom_css_main_element__hover=&#8221;background-size: 190%;&#8221;]<\/p>\n<p>&nbsp;<\/p>\n<p>&nbsp;<\/p>\n<p>&nbsp;<\/p>\n<p>[\/et_pb_cta][\/et_pb_column][\/et_pb_row][et_pb_row disabled_on=&#8221;off|off|on&#8221; _builder_version=&#8221;4.5.3&#8243; _module_preset=&#8221;default&#8221;][et_pb_column type=&#8221;4_4&#8243; _builder_version=&#8221;4.5.3&#8243; _module_preset=&#8221;default&#8221;][et_pb_cta title=&#8221;Oslavy&#8221; button_url=&#8221;http:\/\/www.winetruck.cz\/index.php\/project\/oslavy\/&#8221; button_text=&#8221;V\u00edce informac\u00ed&#8221; _builder_version=&#8221;4.5.3&#8243; _module_preset=&#8221;default&#8221; header_level=&#8221;h1&#8243; header_font=&#8221;Poppins||||||||&#8221; header_font_size=&#8221;30px&#8221; background_color=&#8221;rgba(0,0,0,0.36)&#8221; background_image=&#8221;http:\/\/www.winetruck.cz\/wp-content\/uploads\/2023\/03\/IMG_0031.jpg&#8221; background_blend=&#8221;overlay&#8221; custom_button=&#8221;on&#8221; button_text_size=&#8221;14px&#8221; button_bg_color=&#8221;rgba(0,0,0,0.48)&#8221; width=&#8221;100%&#8221; max_width=&#8221;100%&#8221; min_height=&#8221;100px&#8221; height=&#8221;300px&#8221; custom_margin=&#8221;0px||||false|false&#8221; custom_padding=&#8221;50px||||false|false&#8221; custom_css_main_element=&#8221;background-size: 150%;||transition: all 0.5s ease;&#8221; custom_css_main_element__hover_enabled=&#8221;on|hover&#8221; custom_css_main_element__hover=&#8221;background-size: 200%;&#8221;]<\/p>\n<p>&nbsp;<\/p>\n<p>&nbsp;<\/p>\n<p>&nbsp;<\/p>\n<p>[\/et_pb_cta][\/et_pb_column][\/et_pb_row][\/et_pb_section][et_pb_section fb_built=&#8221;1&#8243; _builder_version=&#8221;4.5.3&#8243; _module_preset=&#8221;default&#8221; background_color=&#8221;#000000&#8243;][et_pb_row _builder_version=&#8221;4.5.3&#8243; _module_preset=&#8221;default&#8221;][et_pb_column type=&#8221;4_4&#8243; _builder_version=&#8221;4.5.3&#8243; _module_preset=&#8221;default&#8221;][et_pb_image src=&#8221;http:\/\/www.winetruck.cz\/wp-content\/uploads\/2019\/12\/FB-cover-01.jpg&#8221; title_text=&#8221;Web&#8221; _builder_version=&#8221;4.5.3&#8243; _module_preset=&#8221;default&#8221; width=&#8221;61%&#8221; module_alignment=&#8221;center&#8221; animation_style=&#8221;slide&#8221; animation_direction=&#8221;left&#8221; animation_duration=&#8221;2500ms&#8221; animation_delay=&#8221;500ms&#8221; animation_intensity_slide=&#8221;80%&#8221;][\/et_pb_image][\/et_pb_column][\/et_pb_row][\/et_pb_section][et_pb_section fb_built=&#8221;1&#8243; _builder_version=&#8221;4.5.3&#8243; _module_preset=&#8221;default&#8221;][et_pb_row use_custom_gutter=&#8221;on&#8221; gutter_width=&#8221;1&#8243; make_equal=&#8221;on&#8221; _builder_version=&#8221;4.5.3&#8243; _module_preset=&#8221;default&#8221; max_width=&#8221;1300px&#8221; module_alignment=&#8221;center&#8221;][et_pb_column type=&#8221;4_4&#8243; _builder_version=&#8221;4.5.3&#8243; _module_preset=&#8221;default&#8221;][et_pb_gallery gallery_ids=&#8221;323,324,325,326,327,328,329,330,331,334,333,332&#8243; gallery_orderby=&#8221;rand&#8221; posts_number=&#8221;12&#8243; show_title_and_caption=&#8221;off&#8221; show_pagination=&#8221;off&#8221; zoom_icon_color=&#8221;rgba(0,0,0,0)&#8221; hover_overlay_color=&#8221;rgba(0,0,0,0.48)&#8221; _builder_version=&#8221;4.5.3&#8243; _module_preset=&#8221;default&#8221;][\/et_pb_gallery][\/et_pb_column][\/et_pb_row][\/et_pb_section]<\/p>\n","protected":false},"excerpt":{"rendered":"<p>[et_pb_section fb_built=&#8221;1&#8243; fullwidth=&#8221;on&#8221; module_class=&#8221;slide-in-out&#8221; _builder_version=&#8221;4.5.3&#8243;][et_pb_fullwidth_image src=&#8221;http:\/\/www.winetruck.cz\/wp-content\/uploads\/2023\/03\/Nikola_Ondra_25_09_21_1354.jpg&#8221; title_text=&#8221;Nikola_Ondra_25_09_21_1354&#8243; _builder_version=&#8221;4.5.3&#8243;][\/et_pb_fullwidth_image][\/et_pb_section][et_pb_section fb_built=&#8221;1&#8243; module_id=&#8221;about-us&#8221; _builder_version=&#8221;4.5.3&#8243; _module_preset=&#8221;default&#8221; custom_padding=&#8221;||30px||false|false&#8221;][et_pb_row _builder_version=&#8221;4.5.3&#8243; _module_preset=&#8221;default&#8221;][et_pb_column type=&#8221;4_4&#8243; _builder_version=&#8221;4.5.3&#8243; _module_preset=&#8221;default&#8221;][et_pb_text _builder_version=&#8221;4.5.3&#8243; _module_preset=&#8221;default&#8221; text_font=&#8221;Poppins||||||||&#8221;] Dva nom\u00e1di projeli sv\u011bt. Te\u010f objevuj\u00ed \u010cesko. Se skleni\u010dkou v ruce, ve tvoj\u00ed spole\u010dnosti. [\/et_pb_text][et_pb_text _builder_version=&#8221;4.5.3&#8243; _module_preset=&#8221;default&#8221; text_font=&#8221;Poppins||||||||&#8221; text_font_size=&#8221;16px&#8221;] O Lavin\u011b Lavina se p\u0159i\u0159\u00edtila z dobrodru\u017en\u00fdch cest po cel\u00e9m sv\u011bt\u011b. P\u0159ivezla s sebou radost, [&hellip;]<\/p>\n","protected":false},"author":1,"featured_media":0,"parent":0,"menu_order":0,"comment_status":"closed","ping_status":"closed","template":"","meta":{"_et_pb_use_builder":"on","_et_pb_old_content":"","_et_gb_content_width":"","footnotes":""},"_links":{"self":[{"href":"https:\/\/www.winetruck.cz\/index.php\/wp-json\/wp\/v2\/pages\/271"}],"collection":[{"href":"https:\/\/www.winetruck.cz\/index.php\/wp-json\/wp\/v2\/pages"}],"about":[{"href":"https:\/\/www.winetruck.cz\/index.php\/wp-json\/wp\/v2\/types\/page"}],"author":[{"embeddable":true,"href":"https:\/\/www.winetruck.cz\/index.php\/wp-json\/wp\/v2\/users\/1"}],"replies":[{"embeddable":true,"href":"https:\/\/www.winetruck.cz\/index.php\/wp-json\/wp\/v2\/comments?post=271"}],"version-history":[{"count":29,"href":"https:\/\/www.winetruck.cz\/index.php\/wp-json\/wp\/v2\/pages\/271\/revisions"}],"predecessor-version":[{"id":509,"href":"https:\/\/www.winetruck.cz\/index.php\/wp-json\/wp\/v2\/pages\/271\/revisions\/509"}],"wp:attachment":[{"href":"https:\/\/www.winetruck.cz\/index.php\/wp-json\/wp\/v2\/media?parent=271"}],"curies":[{"name":"wp","href":"https:\/\/api.w.org\/{rel}","templated":true}]}}